{"id":48,"date":"2024-11-24T20:28:59","date_gmt":"2024-11-24T20:28:59","guid":{"rendered":"https:\/\/linda-wuethrich.ch\/?page_id=48"},"modified":"2024-12-14T20:34:54","modified_gmt":"2024-12-14T20:34:54","slug":"sexualtherapie","status":"publish","type":"page","link":"https:\/\/lindagiudici.ch\/?page_id=48","title":{"rendered":"Sexualtherapie"},"content":{"rendered":"\n<figure class=\"wp-block-image is-resized\"><img decoding=\"async\" src=\"https:\/\/lindagiudici.ch\/wp-content\/uploads\/2024\/11\/succulent-4713265_640.jpg\" alt=\"\" class=\"wp-image-413\" style=\"width:350px\"\/><\/figure>\n\n\n\n<p>Die Sexualit\u00e4t hat einen grossen Einfluss auf die Gesundheit und das Wohlbefinden von Individuen und Paaren. Sie befindet sich in einem lebenslangen Wandel und eine vertiefte Auseinandersetzung damit ist oftmals mit Unsicherheit, Fragezeichen oder Scham verbunden. <\/p>\n\n\n\n<p>Ich unterst\u00fctze Einzelpersonen und Paare bei der Bew\u00e4ltigung von Schwierigkeiten und Herausforderungen auf dem Weg zu mehr Zufriedenheit und Wohlbefinden im unglaublich spannenden und vielseitigen Bereich der Sexualit\u00e4t.<\/p>\n\n\n\n<p>Es ist mir wichtig, Ihnen einen sicheren Raum zu bieten f\u00fcr Ihre ganz pers\u00f6nlichen Themen. Gemeinsam erkunden wir Ihre Anliegen, definieren Ziele und planen ein individuelles, f\u00fcr Sie passendes Vorgehen auf dem Weg zu mehr sexueller Gesundheit und Zufriedenheit.<\/p>\n\n\n\n<p><strong>H\u00e4ufige Themen in der Sexualtherapie sind folgende<\/strong><\/p>\n\n\n\n<ul class=\"wp-block-list\">\n<li>\u00c4ngste\/Sorgen\/Unsicherheiten\/Scham im Zusammenhang mit der Sexualit\u00e4t<\/li>\n\n\n\n<li>Belastende Erlebnisse im Bereich der Sexualit\u00e4t<\/li>\n\n\n\n<li>Auseinandersetzen \/ Kennenlernen eigener Bed\u00fcrfnisse<\/li>\n\n\n\n<li>Auseinandersetzung mit der eigenen Geschlechtsidentit\u00e4t und der romantischen und sexuellen Orientierung <\/li>\n\n\n\n<li>K\u00f6rperwahrnehmung <\/li>\n\n\n\n<li>Unterschiedliche sexuelle W\u00fcnsche innerhalb des Paares<\/li>\n\n\n\n<li>Verschiedene Beziehungsformen<\/li>\n\n\n\n<li>Langeweile im Bett<\/li>\n\n\n\n<li>Kommunikation im Bereich Sexualit\u00e4t <\/li>\n\n\n\n<li>Vaginismus<\/li>\n\n\n\n<li>Schmerzen beim Sex<\/li>\n\n\n\n<li>Verminderte oder fehlende Lust<\/li>\n\n\n\n<li>Erektionsprobleme<\/li>\n\n\n\n<li>Vorzeitiger Samenerguss<\/li>\n\n\n\n<li>&#8230;<\/li>\n<\/ul>\n\n\n\n<p><\/p>\n","protected":false},"excerpt":{"rendered":"<p>Die Sexualit\u00e4t hat einen grossen Einfluss auf die Gesundheit und das Wohlbefinden von Individuen und Paaren. Sie befindet sich in einem lebenslangen Wandel und eine vertiefte Auseinandersetzung damit ist oftmals mit Unsicherheit, Fragezeichen oder Scham verbunden. Ich unterst\u00fctze Einzelpersonen und Paare bei der Bew\u00e4ltigung von Schwierigkeiten und Herausforderungen auf dem Weg zu mehr Zufriedenheit und [&hellip;]<\/p>\n","protected":false},"author":1,"featured_media":0,"parent":0,"menu_order":0,"comment_status":"closed","ping_status":"closed","template":"","meta":{"footnotes":""},"class_list":["post-48","page","type-page","status-publish","hentry"],"_links":{"self":[{"href":"https:\/\/lindagiudici.ch\/index.php?rest_route=\/wp\/v2\/pages\/48","targetHints":{"allow":["GET"]}}],"collection":[{"href":"https:\/\/lindagiudici.ch\/index.php?rest_route=\/wp\/v2\/pages"}],"about":[{"href":"https:\/\/lindagiudici.ch\/index.php?rest_route=\/wp\/v2\/types\/page"}],"author":[{"embeddable":true,"href":"https:\/\/lindagiudici.ch\/index.php?rest_route=\/wp\/v2\/users\/1"}],"replies":[{"embeddable":true,"href":"https:\/\/lindagiudici.ch\/index.php?rest_route=%2Fwp%2Fv2%2Fcomments&post=48"}],"version-history":[{"count":7,"href":"https:\/\/lindagiudici.ch\/index.php?rest_route=\/wp\/v2\/pages\/48\/revisions"}],"predecessor-version":[{"id":91,"href":"https:\/\/lindagiudici.ch\/index.php?rest_route=\/wp\/v2\/pages\/48\/revisions\/91"}],"wp:attachment":[{"href":"https:\/\/lindagiudici.ch\/index.php?rest_route=%2Fwp%2Fv2%2Fmedia&parent=48"}],"curies":[{"name":"wp","href":"https:\/\/api.w.org\/{rel}","templated":true}]}}