{"id":50,"date":"2024-11-24T20:29:41","date_gmt":"2024-11-24T20:29:41","guid":{"rendered":"https:\/\/linda-wuethrich.ch\/?page_id=50"},"modified":"2024-11-25T21:40:02","modified_gmt":"2024-11-25T21:40:02","slug":"paartherapie","status":"publish","type":"page","link":"https:\/\/lindagiudici.ch\/?page_id=50","title":{"rendered":"Paartherapie"},"content":{"rendered":"\n<figure class=\"wp-block-image is-resized\"><img decoding=\"async\" src=\"https:\/\/lindagiudici.ch\/wp-content\/uploads\/2024\/11\/couple-437968_640-4.jpg\" alt=\"\" class=\"wp-image-423\" style=\"width:350px\"\/><\/figure>\n\n\n\n<p>In jeder Beziehung gibt es st\u00fcrmische Zeiten. Manchmal scheint ein Sturm aber nicht mehr vor\u00fcberziehen zu wollen und es kann es passieren, dass die emotionale Verbundenheit zunehmend verloren geht. Wir k\u00f6nnen uns in Sackgassen verstricken, f\u00fchlen uns vielleicht vom Partner nicht mehr verstanden oder ernst genommen und werden zunehmend ungl\u00fccklicher. Wir wissen nicht mehr, wie weiter.<\/p>\n\n\n\n<p>In der Paartherapie arbeite ich unter anderem mit der wirksamen und empirisch validierten Methode der emotionsfokussierten Paartherapie (EFT) nach Dr. Sue Johnson und Dr. Leslie Greenberg. Bei der EFT steht die Beziehung zwischen den Partnern im Sinne einer emotionalen Verbindung im Mittelpunkt. Gemeinsam arbeiten wir daran, die emotionale Verbundenheit wieder aufzubauen und somit wieder eine sichere Basis f\u00fcr Ihre Beziehung herzustellen.<\/p>\n\n\n\n<p><strong>H\u00e4ufige Themen in der Paartherapie sind unter anderem folgende:<\/strong><\/p>\n\n\n\n<ul class=\"wp-block-list\">\n<li>Fehlende oder verloren gegangene emotionale N\u00e4he<\/li>\n\n\n\n<li>Kommunikationsprobleme<\/li>\n\n\n\n<li>Belastende Lebenssituationen<\/li>\n\n\n\n<li>Gedanken an Trennung<\/li>\n\n\n\n<li>Vertrauensverletzungen<\/li>\n\n\n\n<li>Aff\u00e4ren<\/li>\n\n\n\n<li>Belastende allt\u00e4gliche Stressoren<\/li>\n\n\n\n<li>Sexuelle Probleme<\/li>\n\n\n\n<li>Unterschiedliche W\u00fcnsche\/Vorstellungen<\/li>\n\n\n\n<li>Eifersucht<\/li>\n\n\n\n<li>Unerf\u00fcllter Kinderwunsch<\/li>\n\n\n\n<li>H\u00e4ufung von Konflikten und Auseinandersetzungen<\/li>\n\n\n\n<li>&#8230;<\/li>\n<\/ul>\n\n\n\n<p><\/p>\n","protected":false},"excerpt":{"rendered":"<p>In jeder Beziehung gibt es st\u00fcrmische Zeiten. Manchmal scheint ein Sturm aber nicht mehr vor\u00fcberziehen zu wollen und es kann es passieren, dass die emotionale Verbundenheit zunehmend verloren geht. Wir k\u00f6nnen uns in Sackgassen verstricken, f\u00fchlen uns vielleicht vom Partner nicht mehr verstanden oder ernst genommen und werden zunehmend ungl\u00fccklicher. Wir wissen nicht mehr, wie [&hellip;]<\/p>\n","protected":false},"author":1,"featured_media":0,"parent":0,"menu_order":0,"comment_status":"closed","ping_status":"closed","template":"","meta":{"footnotes":""},"class_list":["post-50","page","type-page","status-publish","hentry"],"_links":{"self":[{"href":"https:\/\/lindagiudici.ch\/index.php?rest_route=\/wp\/v2\/pages\/50","targetHints":{"allow":["GET"]}}],"collection":[{"href":"https:\/\/lindagiudici.ch\/index.php?rest_route=\/wp\/v2\/pages"}],"about":[{"href":"https:\/\/lindagiudici.ch\/index.php?rest_route=\/wp\/v2\/types\/page"}],"author":[{"embeddable":true,"href":"https:\/\/lindagiudici.ch\/index.php?rest_route=\/wp\/v2\/users\/1"}],"replies":[{"embeddable":true,"href":"https:\/\/lindagiudici.ch\/index.php?rest_route=%2Fwp%2Fv2%2Fcomments&post=50"}],"version-history":[{"count":2,"href":"https:\/\/lindagiudici.ch\/index.php?rest_route=\/wp\/v2\/pages\/50\/revisions"}],"predecessor-version":[{"id":66,"href":"https:\/\/lindagiudici.ch\/index.php?rest_route=\/wp\/v2\/pages\/50\/revisions\/66"}],"wp:attachment":[{"href":"https:\/\/lindagiudici.ch\/index.php?rest_route=%2Fwp%2Fv2%2Fmedia&parent=50"}],"curies":[{"name":"wp","href":"https:\/\/api.w.org\/{rel}","templated":true}]}}