{"id":75,"date":"2024-11-26T20:44:33","date_gmt":"2024-11-26T20:44:33","guid":{"rendered":"https:\/\/linda-wuethrich.ch\/?page_id=75"},"modified":"2024-11-26T20:44:33","modified_gmt":"2024-11-26T20:44:33","slug":"kosten","status":"publish","type":"page","link":"https:\/\/lindagiudici.ch\/?page_id=75","title":{"rendered":"Kosten"},"content":{"rendered":"\n<p><strong>Abrechnung \u00fcber die Grundversicherung<\/strong><\/p>\n\n\n\n<p>Seit dem 01.07.2022 k\u00f6nnen Leistungen von eidgen\u00f6ssisch anerkannten Psychotherapeuten \u00fcber die Grundversicherung der Krankenkasse abgerechnet werden (Achtung: Franchise und Selbstbehalt m\u00fcssen selber \u00fcbernommen werden). Daf\u00fcr brauchen Sie eine \u00e4rztliche Anordnung.<\/p>\n\n\n\n<p><strong>Wichtig:\u00a0<\/strong>Die Anordnung m\u00fcssen Sie mir vor dem Erstgespr\u00e4ch zukommen lassen\u00a0oder sp\u00e4testens beim Erstgespr\u00e4ch mitbringen, damit die Kosten von der Krankenkasse \u00fcbernommen werden.<\/p>\n\n\n\n<p><strong>Abrechnung \u00fcber die Zusatzversicherung oder Selbstzahler<\/strong><\/p>\n\n\n\n<p>Es gibt wenige Zusatzversicherungen, die einen Teil der Kosten \u00fcbernehmen. Bitte kl\u00e4ren Sie vorg\u00e4ngig ab, ob sich Ihre Zusatzversicherungen an den Kosten beteiligt.<\/p>\n\n\n\n<p>Tarif Einzelsitzung: 190.- pro 60min (inkl. 15min Vor- und Nachbereitung)<br>Tarif Paarsitzung: 300.- pro 90min (inkl. 15min Vor- und Nachbereitung)<\/p>\n\n\n\n<p>\u200bSitzungen k\u00f6nnen bis zu 24 Stunden vor dem Termin ohne Kostenfolge abgesagt werden. Bei kurzfristiger Absage oder Nichterscheinen wird der volle Tarif privat in Rechnung gestellt.<\/p>\n\n\n\n<p><\/p>\n","protected":false},"excerpt":{"rendered":"<p>Abrechnung \u00fcber die Grundversicherung Seit dem 01.07.2022 k\u00f6nnen Leistungen von eidgen\u00f6ssisch anerkannten Psychotherapeuten \u00fcber die Grundversicherung der Krankenkasse abgerechnet werden (Achtung: Franchise und Selbstbehalt m\u00fcssen selber \u00fcbernommen werden). Daf\u00fcr brauchen Sie eine \u00e4rztliche Anordnung. Wichtig:\u00a0Die Anordnung m\u00fcssen Sie mir vor dem Erstgespr\u00e4ch zukommen lassen\u00a0oder sp\u00e4testens beim Erstgespr\u00e4ch mitbringen, damit die Kosten von der Krankenkasse \u00fcbernommen [&hellip;]<\/p>\n","protected":false},"author":1,"featured_media":0,"parent":0,"menu_order":0,"comment_status":"closed","ping_status":"closed","template":"","meta":{"footnotes":""},"class_list":["post-75","page","type-page","status-publish","hentry"],"_links":{"self":[{"href":"https:\/\/lindagiudici.ch\/index.php?rest_route=\/wp\/v2\/pages\/75","targetHints":{"allow":["GET"]}}],"collection":[{"href":"https:\/\/lindagiudici.ch\/index.php?rest_route=\/wp\/v2\/pages"}],"about":[{"href":"https:\/\/lindagiudici.ch\/index.php?rest_route=\/wp\/v2\/types\/page"}],"author":[{"embeddable":true,"href":"https:\/\/lindagiudici.ch\/index.php?rest_route=\/wp\/v2\/users\/1"}],"replies":[{"embeddable":true,"href":"https:\/\/lindagiudici.ch\/index.php?rest_route=%2Fwp%2Fv2%2Fcomments&post=75"}],"version-history":[{"count":1,"href":"https:\/\/lindagiudici.ch\/index.php?rest_route=\/wp\/v2\/pages\/75\/revisions"}],"predecessor-version":[{"id":76,"href":"https:\/\/lindagiudici.ch\/index.php?rest_route=\/wp\/v2\/pages\/75\/revisions\/76"}],"wp:attachment":[{"href":"https:\/\/lindagiudici.ch\/index.php?rest_route=%2Fwp%2Fv2%2Fmedia&parent=75"}],"curies":[{"name":"wp","href":"https:\/\/api.w.org\/{rel}","templated":true}]}}